{"id":2,"date":"2025-05-12T21:36:42","date_gmt":"2025-05-12T19:36:42","guid":{"rendered":"http:\/\/localhost:8080\/deonfilmart\/?page_id=2"},"modified":"2026-04-12T12:02:33","modified_gmt":"2026-04-12T10:02:33","slug":"pagina-ejemplo","status":"publish","type":"page","link":"https:\/\/www.deonfilmart.com\/index.php\/pagina-ejemplo\/","title":{"rendered":"Porfolio Fotogr\u00e1fico"},"content":{"rendered":"\n<figure class=\"wp-block-image size-full is-resized has-custom-border\"><img loading=\"lazy\" decoding=\"async\" width=\"463\" height=\"309\" src=\"https:\/\/www.deonfilmart.com\/wp-content\/uploads\/2025\/09\/MG_0130-Editada.jpg\" alt=\"\" class=\"wp-image-1239\" style=\"border-style:none;border-width:0px;border-top-left-radius:0px;border-top-right-radius:0px;border-bottom-left-radius:0px;border-bottom-right-radius:0px;aspect-ratio:1.498398094142775;width:1200px;height:auto\"\/><\/figure>\n\n\n\n<figure class=\"wp-block-gallery has-nested-images columns-default is-cropped wp-block-gallery-1 is-layout-flex wp-block-gallery-is-layout-flex\">\n<figure class=\"wp-block-image size-large\"><img loading=\"lazy\" decoding=\"async\" width=\"463\" height=\"618\" data-id=\"1245\" src=\"https:\/\/www.deonfilmart.com\/wp-content\/uploads\/2025\/09\/MG_0470-Editada.jpg\" alt=\"\" class=\"wp-image-1245\"\/><\/figure>\n\n\n\n<figure class=\"wp-block-image size-full\"><img decoding=\"async\" data-id=\"1242\" src=\"https:\/\/www.deonfilmart.com\/wp-content\/uploads\/2025\/09\/MG_0300-Editada-scaled.jpg\" alt=\"\" class=\"wp-image-1242\"\/><\/figure>\n<\/figure>\n\n\n\n<div style=\"height:15px\" aria-hidden=\"true\" class=\"wp-block-spacer\"><\/div>\n\n\n\n<figure class=\"wp-block-gallery has-nested-images columns-default is-cropped wp-block-gallery-2 is-layout-flex wp-block-gallery-is-layout-flex\">\n<figure class=\"wp-block-image size-large\"><img loading=\"lazy\" decoding=\"async\" width=\"463\" height=\"309\" data-id=\"1244\" src=\"https:\/\/www.deonfilmart.com\/wp-content\/uploads\/2025\/09\/MG_0424-Editada.jpg\" alt=\"\" class=\"wp-image-1244\"\/><\/figure>\n<\/figure>\n\n\n\n<div style=\"height:15px\" aria-hidden=\"true\" class=\"wp-block-spacer\"><\/div>\n\n\n\n<figure class=\"wp-block-image size-full is-resized\"><img loading=\"lazy\" decoding=\"async\" width=\"463\" height=\"309\" src=\"https:\/\/www.deonfilmart.com\/wp-content\/uploads\/2025\/09\/MG_9692-Editar.jpg\" alt=\"\" class=\"wp-image-1260\" style=\"aspect-ratio:1.498398094142775;width:1200px;height:auto\"\/><\/figure>\n\n\n\n<figure class=\"wp-block-gallery has-nested-images columns-default is-cropped wp-block-gallery-3 is-layout-flex wp-block-gallery-is-layout-flex\">\n<figure class=\"wp-block-image size-large\"><img loading=\"lazy\" decoding=\"async\" width=\"463\" height=\"695\" data-id=\"1261\" src=\"https:\/\/www.deonfilmart.com\/wp-content\/uploads\/2025\/09\/MG_9713-Editar.jpg\" alt=\"Oscar Balaperdida con traje azul y corbata blanca, quit\u00e1ndose el sombrero en un parque.\" class=\"wp-image-1261\"\/><\/figure>\n\n\n\n<figure class=\"wp-block-image size-large\"><img loading=\"lazy\" decoding=\"async\" width=\"463\" height=\"309\" data-id=\"1258\" src=\"https:\/\/www.deonfilmart.com\/wp-content\/uploads\/2025\/09\/MG_9616-Editar.jpg\" alt=\"Oscar Balaperdida con traje azul, corbata y sombrero, fumando un cigarro y sosteniendo una guitarra.\" class=\"wp-image-1258\"\/><\/figure>\n<\/figure>\n\n\n\n<div style=\"height:15px\" aria-hidden=\"true\" class=\"wp-block-spacer\"><\/div>\n\n\n\n<figure class=\"wp-block-image size-large is-resized\"><img loading=\"lazy\" decoding=\"async\" width=\"463\" height=\"309\" src=\"https:\/\/www.deonfilmart.com\/wp-content\/uploads\/2025\/09\/MG_9368-Editar.jpg\" alt=\"\" class=\"wp-image-1257\" style=\"aspect-ratio:1.498398094142775;width:1200px;height:auto\"\/><\/figure>\n\n\n\n<figure class=\"wp-block-image size-large is-resized\"><img loading=\"lazy\" decoding=\"async\" width=\"463\" height=\"309\" src=\"https:\/\/www.deonfilmart.com\/wp-content\/uploads\/2025\/09\/MG_0656-Editar-Editar.jpg\" alt=\"\" class=\"wp-image-1246\" style=\"aspect-ratio:1.498398094142775;width:1200px;height:auto\"\/><\/figure>\n\n\n\n<figure class=\"wp-block-image size-large is-resized\"><img loading=\"lazy\" decoding=\"async\" width=\"463\" height=\"309\" src=\"https:\/\/www.deonfilmart.com\/wp-content\/uploads\/2025\/09\/MG_0716-Editar-Editar.jpg\" alt=\"\" class=\"wp-image-1247\" style=\"aspect-ratio:1.498398094142775;width:1200px;height:auto\"\/><\/figure>\n\n\n\n<figure class=\"wp-block-gallery has-nested-images columns-default is-cropped wp-block-gallery-4 is-layout-flex wp-block-gallery-is-layout-flex\">\n<figure class=\"wp-block-image size-large\"><img loading=\"lazy\" decoding=\"async\" width=\"463\" height=\"309\" data-id=\"1270\" src=\"https:\/\/www.deonfilmart.com\/wp-content\/uploads\/2025\/09\/IMG_3988-Editada.jpg\" alt=\"Ni\u00f1a sonriente de pie sobre una manta en un parque, iluminada a contraluz por la luz del atardecer.\" class=\"wp-image-1270\"\/><\/figure>\n<\/figure>\n\n\n\n<div style=\"height:15px\" aria-hidden=\"true\" class=\"wp-block-spacer\"><\/div>\n\n\n\n<figure class=\"wp-block-image size-large is-resized\"><img loading=\"lazy\" decoding=\"async\" width=\"463\" height=\"309\" src=\"https:\/\/www.deonfilmart.com\/wp-content\/uploads\/2025\/09\/IMG_4081-Editada.jpg\" alt=\"Madre e hija tumbadas sobre una manta en el suelo, sonrientes y felices.\" class=\"wp-image-1272\" style=\"aspect-ratio:1.4984070796460176;width:1200px;height:auto\"\/><\/figure>\n\n\n\n<figure class=\"wp-block-gallery has-nested-images columns-default is-cropped wp-block-gallery-5 is-layout-flex wp-block-gallery-is-layout-flex\">\n<figure class=\"wp-block-image size-large\"><img loading=\"lazy\" decoding=\"async\" width=\"463\" height=\"309\" data-id=\"1271\" src=\"https:\/\/www.deonfilmart.com\/wp-content\/uploads\/2025\/09\/IMG_4067-Editada.jpg\" alt=\"Madre y su hija peque\u00f1a tumbadas boca abajo sobre una manta en el c\u00e9sped de un parque, con flores y colorido al fondo.\" class=\"wp-image-1271\"\/><\/figure>\n<\/figure>\n\n\n\n<div style=\"height:15px\" aria-hidden=\"true\" class=\"wp-block-spacer\"><\/div>\n\n\n\n<figure class=\"wp-block-image size-large is-resized\"><img loading=\"lazy\" decoding=\"async\" width=\"463\" height=\"309\" src=\"https:\/\/www.deonfilmart.com\/wp-content\/uploads\/2025\/09\/IMG_3973-Editada.jpg\" alt=\"Ni\u00f1a peque\u00f1a sentada en el suelo de un parque, sonriente, con peluches a su lado.\" class=\"wp-image-1269\" style=\"aspect-ratio:1.498398094142775;width:1200px;height:auto\"\/><\/figure>\n\n\n\n<figure class=\"wp-block-image size-large is-style-default\"><img decoding=\"async\" src=\"https:\/\/www.deonfilmart.com\/wp-content\/uploads\/2025\/09\/MG_1774-2-DeNoiseAI-standard-scaled.jpg\" alt=\"\" class=\"wp-image-1248\"\/><\/figure>\n\n\n\n<figure class=\"wp-block-image size-large\"><img decoding=\"async\" src=\"https:\/\/www.deonfilmart.com\/wp-content\/uploads\/2025\/09\/MG_7835-Editar-scaled.jpg\" alt=\"Modelo boudoir tumbada de costado en una cama, apoyada sobre su brazo y con el cabello cayendo a un lado.\" class=\"wp-image-1255\"\/><\/figure>\n\n\n\n<figure class=\"wp-block-image size-large\"><img decoding=\"async\" src=\"https:\/\/www.deonfilmart.com\/wp-content\/uploads\/2025\/09\/MG_7783-Editar-scaled.jpg\" alt=\"Modelo boudoir frente a un espejo de ba\u00f1o, con los brazos cruzados cubri\u00e9ndose el pecho, en una escena \u00edntima y est\u00e9tica.\" class=\"wp-image-1253\"\/><\/figure>\n\n\n\n<figure class=\"wp-block-gallery has-nested-images columns-default is-cropped wp-block-gallery-6 is-layout-flex wp-block-gallery-is-layout-flex\">\n<figure class=\"wp-block-image size-full\"><img decoding=\"async\" data-id=\"1252\" src=\"https:\/\/www.deonfilmart.com\/wp-content\/uploads\/2025\/09\/MG_7695-Editar-scaled.jpg\" alt=\"Modelo boudoir sentada sobre una cama, con lencer\u00eda negra y chaqueta suave, en una pose \u00edntima y elegante.\" class=\"wp-image-1252\"\/><\/figure>\n<\/figure>\n\n\n\n<div style=\"height:15px\" aria-hidden=\"true\" class=\"wp-block-spacer\"><\/div>\n\n\n\n<figure class=\"wp-block-image size-large\"><img decoding=\"async\" src=\"https:\/\/www.deonfilmart.com\/wp-content\/uploads\/2025\/09\/MG_7883-Editar-scaled.jpg\" alt=\"Modelo boudoir de pie en una habitaci\u00f3n, con ropa interior semitransparente y pose sensual.\" class=\"wp-image-1256\"\/><\/figure>\n\n\n\n<figure class=\"wp-block-image size-large\"><img decoding=\"async\" src=\"https:\/\/www.deonfilmart.com\/wp-content\/uploads\/2025\/09\/MG_2045-afinada-scaled.jpg\" alt=\"\" class=\"wp-image-1249\"\/><\/figure>\n\n\n\n<figure class=\"wp-block-image size-large\"><img decoding=\"async\" src=\"https:\/\/www.deonfilmart.com\/wp-content\/uploads\/2025\/09\/Airsoft-Black-Wolves-Navarra-scaled.jpg\" alt=\"Tres jugadores de airsoft con equipaci\u00f3n militar y r\u00e9plicas en una nave industrial abandonada.\" class=\"wp-image-1263\"\/><\/figure>\n\n\n\n<figure class=\"wp-block-image size-large is-resized\"><img loading=\"lazy\" decoding=\"async\" width=\"558\" height=\"372\" src=\"https:\/\/www.deonfilmart.com\/wp-content\/uploads\/2025\/09\/Viajero-del-Tren-2-Cara-Licuada.jpg\" alt=\"Retrato en tonos sepia de una persona con traje y maleta en el and\u00e9n de una estaci\u00f3n de tren.\" class=\"wp-image-1274\" style=\"width:1200px;height:auto\"\/><\/figure>\n","protected":false},"excerpt":{"rendered":"","protected":false},"author":1,"featured_media":0,"parent":0,"menu_order":0,"comment_status":"closed","ping_status":"open","template":"","meta":{"inspiro_hide_title":false,"footnotes":""},"class_list":["post-2","page","type-page","status-publish","hentry"],"_links":{"self":[{"href":"https:\/\/www.deonfilmart.com\/index.php\/wp-json\/wp\/v2\/pages\/2","targetHints":{"allow":["GET"]}}],"collection":[{"href":"https:\/\/www.deonfilmart.com\/index.php\/wp-json\/wp\/v2\/pages"}],"about":[{"href":"https:\/\/www.deonfilmart.com\/index.php\/wp-json\/wp\/v2\/types\/page"}],"author":[{"embeddable":true,"href":"https:\/\/www.deonfilmart.com\/index.php\/wp-json\/wp\/v2\/users\/1"}],"replies":[{"embeddable":true,"href":"https:\/\/www.deonfilmart.com\/index.php\/wp-json\/wp\/v2\/comments?post=2"}],"version-history":[{"count":37,"href":"https:\/\/www.deonfilmart.com\/index.php\/wp-json\/wp\/v2\/pages\/2\/revisions"}],"predecessor-version":[{"id":1598,"href":"https:\/\/www.deonfilmart.com\/index.php\/wp-json\/wp\/v2\/pages\/2\/revisions\/1598"}],"wp:attachment":[{"href":"https:\/\/www.deonfilmart.com\/index.php\/wp-json\/wp\/v2\/media?parent=2"}],"curies":[{"name":"wp","href":"https:\/\/api.w.org\/{rel}","templated":true}]}}