{"id":266,"date":"2025-05-20T12:27:07","date_gmt":"2025-05-20T10:27:07","guid":{"rendered":"https:\/\/www.deonfilmart.com\/?page_id=266"},"modified":"2026-04-12T15:53:51","modified_gmt":"2026-04-12T13:53:51","slug":"servicios","status":"publish","type":"page","link":"https:\/\/www.deonfilmart.com\/index.php\/servicios\/","title":{"rendered":"Servicios"},"content":{"rendered":"\n<div id=\"services\" class=\"wp-block-group pattern_multiple_covers has-global-padding is-layout-constrained wp-block-group-is-layout-constrained\">\n<p class=\"has-text-align-left has-text-color has-link-color wp-elements-75a902caebbb03afdcccdccc17669f5a\" style=\"color:#4486bf\">En cada proyecto busco algo m\u00e1s que grabar: busco <strong>crear una experiencia visual que deje huella<\/strong>. Ya sea un videoclip, una pieza publicitaria o la cobertura de un evento, trabajo con una idea clara: que cada plano tenga alma, que cada corte tenga intenci\u00f3n, y que el resultado final <strong>emocione, sorprenda y comunique<\/strong>.<\/p>\n\n\n\n<p class=\"has-text-align-left has-text-color has-link-color wp-elements-277ba76ed95cc09c3778a6f6c90e7363\" style=\"color:#4486bf\">Me encargo de todo el proceso &#8211; desde el desarrollo creativo y el guion, hasta la postproducci\u00f3n\u2014 para que t\u00fa solo tengas que centrarte en disfrutar del resultado. <strong>T\u00fa traes la idea o la necesidad. Aqu\u00ed le doy forma, estilo y vida.<\/strong><\/p>\n\n\n\n<div style=\"height:46px\" aria-hidden=\"true\" class=\"wp-block-spacer\"><\/div>\n\n\n\n<div class=\"wp-block-columns is-layout-flex wp-container-core-columns-is-layout-28f84493 wp-block-columns-is-layout-flex\">\n<div class=\"wp-block-column is-layout-flow wp-block-column-is-layout-flow\" style=\"padding-top:0;padding-right:0;padding-bottom:0;padding-left:0\">\n<div class=\"wp-block-cover has-custom-content-position is-position-bottom-left has-aspect-ratio\" style=\"padding-top:var(--wp--preset--spacing--small);padding-right:var(--wp--preset--spacing--x-small);padding-bottom:var(--wp--preset--spacing--small);padding-left:var(--wp--preset--spacing--x-small);min-height:430px;aspect-ratio:16\/9;min-height:unset;\"><img loading=\"lazy\" decoding=\"async\" width=\"1000\" height=\"667\" class=\"wp-block-cover__image-background wp-image-545 size-full\" alt=\"\" src=\"https:\/\/www.deonfilmart.com\/wp-content\/uploads\/2025\/05\/Guion.jpg\" style=\"object-position:44% 49%\" data-object-fit=\"cover\" data-object-position=\"44% 49%\"\/><span aria-hidden=\"true\" class=\"wp-block-cover__background has-primary-background-color has-background-dim-30 has-background-dim\"><\/span><div class=\"wp-block-cover__inner-container is-layout-flow wp-block-cover-is-layout-flow\">\n<h3 class=\"wp-block-heading has-white-color has-text-color has-medium-font-size\" style=\"margin-top:0;margin-right:0;margin-bottom:0;margin-left:0\">Videos<br>Corporativos<\/h3>\n\n\n\n<p class=\"has-text-color has-link-color wp-elements-2b4b8b8641d2899c04da30dd6c6c5d0b\" style=\"color:#a78bfa;margin-top:0;margin-right:0;margin-bottom:0;margin-left:0\"><a href=\"https:\/\/www.deonfilmart.com\/index.php\/videos-corporativos\/\" data-type=\"link\" data-id=\"https:\/\/www.deonfilmart.com\/index.php\/videos-corporativos\/\">Entrar<\/a><a href=\"https:\/\/www.deonfilmart.com\/index.php\/videos-corporativos\/\">\u2192<\/a><\/p>\n<\/div><\/div>\n<\/div>\n\n\n\n<div class=\"wp-block-column is-layout-flow wp-block-column-is-layout-flow\" style=\"padding-top:0;padding-right:0;padding-bottom:0;padding-left:0\">\n<div class=\"wp-block-cover has-custom-content-position is-position-bottom-left has-aspect-ratio\" style=\"padding-top:var(--wp--preset--spacing--small);padding-right:var(--wp--preset--spacing--x-small);padding-bottom:var(--wp--preset--spacing--small);padding-left:var(--wp--preset--spacing--x-small);aspect-ratio:16\/9;min-height:unset;\"><img loading=\"lazy\" decoding=\"async\" width=\"2040\" height=\"1536\" class=\"wp-block-cover__image-background wp-image-444 size-full\" alt=\"\" src=\"https:\/\/www.deonfilmart.com\/wp-content\/uploads\/2025\/05\/Imagen-de-WhatsApp-2024-10-15-a-las-09.45.25_8c24cfa1.jpg\" style=\"object-position:74% 25%\" data-object-fit=\"cover\" data-object-position=\"74% 25%\"\/><span aria-hidden=\"true\" class=\"wp-block-cover__background has-primary-background-color has-background-dim-30 has-background-dim\"><\/span><div class=\"wp-block-cover__inner-container is-layout-flow wp-block-cover-is-layout-flow\">\n<h3 class=\"wp-block-heading has-white-color has-text-color has-medium-font-size\" style=\"margin-top:0;margin-right:0;margin-bottom:0;margin-left:0\"><br>Publicidad<\/h3>\n\n\n\n<p class=\"has-text-color has-link-color wp-elements-e2f8d5005c7b88e5c4aa2b3206dc3f4f\" style=\"color:#a78bfa;margin-top:0;margin-right:0;margin-bottom:0;margin-left:0\"><a href=\"https:\/\/www.deonfilmart.com\/index.php\/publicidad\/\"><\/a><a href=\"https:\/\/www.deonfilmart.com\/index.php\/videos-corporativos\/\" data-type=\"link\" data-id=\"https:\/\/www.deonfilmart.com\/index.php\/videos-corporativos\/\"><\/a><a href=\"https:\/\/www.deonfilmart.com\/index.php\/publicidad\/\" data-type=\"link\" data-id=\"https:\/\/www.deonfilmart.com\/index.php\/videos-corporativos\/\">Entrar<\/a><a href=\"https:\/\/www.deonfilmart.com\/index.php\/videos-corporativos\/\">\u2192<\/a><\/p>\n<\/div><\/div>\n<\/div>\n\n\n\n<div class=\"wp-block-column is-layout-flow wp-block-column-is-layout-flow\" style=\"padding-top:0;padding-right:0;padding-bottom:0;padding-left:0\">\n<div class=\"wp-block-cover has-custom-content-position is-position-bottom-left has-aspect-ratio\" style=\"padding-top:var(--wp--preset--spacing--small);padding-right:var(--wp--preset--spacing--x-small);padding-bottom:var(--wp--preset--spacing--small);padding-left:var(--wp--preset--spacing--x-small);aspect-ratio:16\/9;min-height:unset;\"><img loading=\"lazy\" decoding=\"async\" width=\"1496\" height=\"1496\" class=\"wp-block-cover__image-background wp-image-534 size-full\" alt=\"\" src=\"https:\/\/www.deonfilmart.com\/wp-content\/uploads\/2025\/05\/IMG-20240211-WA0004.jpg\" style=\"object-position:42% 65%\" data-object-fit=\"cover\" data-object-position=\"42% 65%\"\/><span aria-hidden=\"true\" class=\"wp-block-cover__background has-primary-background-color has-background-dim-30 has-background-dim\"><\/span><div class=\"wp-block-cover__inner-container is-layout-flow wp-block-cover-is-layout-flow\">\n<h3 class=\"wp-block-heading has-white-color has-text-color has-medium-font-size\" style=\"margin-top:0;margin-right:0;margin-bottom:0;margin-left:0\">Videoclips<br>Musicales<\/h3>\n\n\n\n<p class=\"has-text-color has-link-color wp-elements-dae56af436a4835afcc9109325e5b957\" style=\"color:#a78bfa;margin-top:0;margin-right:0;margin-bottom:0;margin-left:0\"><a href=\"https:\/\/www.deonfilmart.com\/index.php\/videoclips-musicales\/\"><\/a><a href=\"https:\/\/www.deonfilmart.com\/index.php\/videoclips-musicales\/\" data-type=\"link\" data-id=\"https:\/\/www.deonfilmart.com\/index.php\/videos-corporativos\/\">Entrar<\/a><a href=\"https:\/\/www.deonfilmart.com\/index.php\/videos-corporativos\/\">\u2192<\/a><\/p>\n<\/div><\/div>\n<\/div>\n<\/div>\n<\/div>\n\n\n\n<div class=\"wp-block-group is-layout-flow wp-block-group-is-layout-flow\" style=\"margin-top:0px\">\n<p class=\"has-text-align-left has-text-color has-link-color has-max-48-font-size wp-elements-bb3570d8d47d0ebeeaedd4fbd62374d5\" style=\"color:#4486bf\"><strong>\u00bfPorqu\u00e9 elegir Deon FilmArt?<\/strong><\/p>\n\n\n\n<p class=\"has-text-color has-link-color wp-elements-dcdce5ccd5662ca01781fa07939a55bd\" style=\"color:#4486bf\">La mirada es cinematogr\u00e1fica. Cuido el encuadre, la luz, el ritmo, la m\u00fasica y la narrativa para que cada pieza tenga un lenguaje visual \u00fanico y profesional.<\/p>\n<\/div>\n\n\n\n<div id=\"reel\" class=\"wp-block-group has-global-padding is-layout-constrained wp-container-core-group-is-layout-93707e3a wp-block-group-is-layout-constrained\" style=\"margin-top:0px;margin-bottom:0px\">\n<h2 class=\"wp-block-heading has-text-color has-max-48-font-size\" style=\"color:#337ebf\">Showreel <\/h2>\n\n\n\n<figure class=\"wp-block-embed is-type-video is-provider-youtube wp-block-embed-youtube wp-embed-aspect-16-9 wp-has-aspect-ratio\"><div class=\"wp-block-embed__wrapper\">\n<iframe loading=\"lazy\" title=\"Reel trayectoria profesinal 4K\" width=\"950\" height=\"534\" src=\"https:\/\/www.youtube.com\/embed\/nMHskyJWbDY?feature=oembed\" frameborder=\"0\" allow=\"accelerometer; autoplay; clipboard-write; encrypted-media; gyroscope; picture-in-picture; web-share\" referrerpolicy=\"strict-origin-when-cross-origin\" allowfullscreen><\/iframe>\n<\/div><\/figure>\n\n\n\n<div style=\"height:84px\" aria-hidden=\"true\" class=\"wp-block-spacer\"><\/div>\n<\/div>\n\n\n\n<div style=\"height:0px\" aria-hidden=\"true\" class=\"wp-block-spacer\"><\/div>\n\n\n\n<p><\/p>\n","protected":false},"excerpt":{"rendered":"<p>En cada proyecto busco algo m\u00e1s que grabar: busco crear una experiencia visual que deje huella. Ya sea un videoclip, una pieza publicitaria o la cobertura de un evento, trabajo con una idea clara: que cada plano tenga alma, que cada corte tenga intenci\u00f3n, y que el resultado final emocione, sorprenda y comunique. Me encargo &hellip; <\/p>\n<p class=\"link-more\"><a href=\"https:\/\/www.deonfilmart.com\/index.php\/servicios\/\" class=\"more-link\">Leer m\u00e1s<span class=\"screen-reader-text\"> \u00abServicios\u00bb<\/span><\/a><\/p>\n","protected":false},"author":1,"featured_media":0,"parent":0,"menu_order":0,"comment_status":"closed","ping_status":"closed","template":"","meta":{"inspiro_hide_title":false,"footnotes":""},"class_list":["post-266","page","type-page","status-publish","hentry"],"_links":{"self":[{"href":"https:\/\/www.deonfilmart.com\/index.php\/wp-json\/wp\/v2\/pages\/266","targetHints":{"allow":["GET"]}}],"collection":[{"href":"https:\/\/www.deonfilmart.com\/index.php\/wp-json\/wp\/v2\/pages"}],"about":[{"href":"https:\/\/www.deonfilmart.com\/index.php\/wp-json\/wp\/v2\/types\/page"}],"author":[{"embeddable":true,"href":"https:\/\/www.deonfilmart.com\/index.php\/wp-json\/wp\/v2\/users\/1"}],"replies":[{"embeddable":true,"href":"https:\/\/www.deonfilmart.com\/index.php\/wp-json\/wp\/v2\/comments?post=266"}],"version-history":[{"count":226,"href":"https:\/\/www.deonfilmart.com\/index.php\/wp-json\/wp\/v2\/pages\/266\/revisions"}],"predecessor-version":[{"id":1603,"href":"https:\/\/www.deonfilmart.com\/index.php\/wp-json\/wp\/v2\/pages\/266\/revisions\/1603"}],"wp:attachment":[{"href":"https:\/\/www.deonfilmart.com\/index.php\/wp-json\/wp\/v2\/media?parent=266"}],"curies":[{"name":"wp","href":"https:\/\/api.w.org\/{rel}","templated":true}]}}